{"id":57,"date":"2021-05-14T18:04:00","date_gmt":"2021-05-14T18:04:00","guid":{"rendered":"https:\/\/centroestudioslazaro.com\/?page_id=57"},"modified":"2021-06-28T18:53:55","modified_gmt":"2021-06-28T18:53:55","slug":"refuerzo-academico","status":"publish","type":"page","link":"https:\/\/centroestudioslazaro.com\/index.php\/refuerzo-academico\/","title":{"rendered":"Refuerzo acad\u00e9mico"},"content":{"rendered":"\n<div class=\"wp-block-image is-style-default\"><figure class=\"aligncenter size-large is-resized\"><img loading=\"lazy\" decoding=\"async\" src=\"https:\/\/i0.wp.com\/centroestudioslazaro.com\/wp-content\/uploads\/2021\/06\/matesLazaro.jpeg?resize=493%2C404&#038;ssl=1\" alt=\"\" class=\"wp-image-195\" width=\"493\" height=\"404\" srcset=\"https:\/\/i0.wp.com\/centroestudioslazaro.com\/wp-content\/uploads\/2021\/06\/matesLazaro.jpeg?resize=1024%2C839&amp;ssl=1 1024w, https:\/\/i0.wp.com\/centroestudioslazaro.com\/wp-content\/uploads\/2021\/06\/matesLazaro.jpeg?resize=300%2C246&amp;ssl=1 300w, https:\/\/i0.wp.com\/centroestudioslazaro.com\/wp-content\/uploads\/2021\/06\/matesLazaro.jpeg?resize=768%2C629&amp;ssl=1 768w, https:\/\/i0.wp.com\/centroestudioslazaro.com\/wp-content\/uploads\/2021\/06\/matesLazaro.jpeg?w=1440&amp;ssl=1 1440w\" sizes=\"auto, (max-width: 493px) 100vw, 493px\" data-recalc-dims=\"1\" \/><\/figure><\/div>\n\n\n\n<p>En<strong> <span style=\"color:#d32d45\" class=\"has-inline-color\">CENTRO DE ESTUDIOS L\u00c1ZARO<\/span><\/strong> queremos ayuda a nuestr@s alumn@s a <strong>superar cualquier reto acad\u00e9mico<\/strong> al que se enfrenten. En CENTRO DE ESTUDIOS L\u00c1ZARO acompa\u00f1amos a nuestr@s alumn@s desde infantil hasta el nivel acad\u00e9mico que quieran alcanzar, porque son ellos los que deciden sus l\u00edmites. Nuestra oferta de clases de refuerzo incluye:<\/p>\n\n\n\n<ul class=\"wp-block-list\"><li><strong><span style=\"color:#d32d45\" class=\"has-inline-color\">Educaci\u00f3n infantil<\/span>:<\/strong> aprender jugando. El objetivo principal en esta fase del aprendizaje es que nuestr@s alumn@s sienten los <strong>conceptos b\u00e1sicos<\/strong>, a trav\u00e9s de juegos y <strong>actividades l\u00fadicas<\/strong>, en las que, adem\u00e1s, aprender\u00e1n a trabajar en equipo.<\/li><li><strong><span style=\"color:#d32d45\" class=\"has-inline-color\">Educaci\u00f3n Primaria<\/span>:<\/strong> nos centraremos en mejorar los h\u00e1bitos y las <strong>t\u00e9cnicas de estudio<\/strong> de nuestr@s alumn@s. Mejoraremos el aprendizaje siempre a trav\u00e9s de actividades y <strong>ejercicios din\u00e1micos<\/strong>.<\/li><li><strong><span style=\"color:#d32d45\" class=\"has-inline-color\">Educaci\u00f3n Secundaria<\/span>: <\/strong>En este nivel nos centraremos en la consecuci\u00f3n de los objetivos de cada un@ de nuestr@s alumn@s. Realizaremos una transici\u00f3n desde un aprendizaje basado en la mejora de t\u00e9cnicas y <strong>h\u00e1bitos de estudio,<\/strong> hasta unos <strong>conocimientos m\u00e1s t\u00e9cnicos <\/strong>y espec\u00edficos.<\/li><li><strong><span style=\"color:#d32d45\" class=\"has-inline-color\">Bachillerato<\/span>:<\/strong> Para esta fase se impartir\u00e1 una <strong>ense\u00f1anza m\u00e1s t\u00e9cnica <\/strong>y espec\u00edfica, de cara a los siguientes pasos que deseen dar nuestr@s alumn@s, sean los que sean.<\/li><li><strong><span style=\"color:#d32d45\" class=\"has-inline-color\">FP y Universidad<\/span>:<\/strong> Nuestr@s profesionales t\u00e9cnicos ayudar\u00e1n a nuestr@s alumn@s a alcanzar sus objetivos si se encuentran en este nivel acad\u00e9mico.<\/li><\/ul>\n\n\n\n<p><span style=\"color:#d32d45\" class=\"has-inline-color\"><strong>CENTRO DE ESTUDIOS L\u00c1ZARO<\/strong><\/span> ofrece una transici\u00f3n <strong>desde una ense\u00f1anza enfocada a mejorar los h\u00e1bitos y t\u00e9cnicas de estudio<\/strong> en los primeros niveles (partiendo de una metodolog\u00eda de aprendizaje basada en juegos y actividades), <strong>hacia una ense\u00f1anza basada en conocimientos espec\u00edficos<\/strong> (a trav\u00e9s de una metodolog\u00eda profesional y t\u00e9cnica), pero siempre de un modo ameno y distendido.<\/p>\n\n\n\n<div class=\"wp-block-buttons is-layout-flex wp-block-buttons-is-layout-flex\">\n<div class=\"wp-block-button\"><a class=\"wp-block-button__link\" href=\"https:\/\/centroestudioslazaro.com\/index.php\/solicita-informacion\/\" target=\"_blank\" rel=\"noreferrer noopener\">Solicita informaci\u00f3n<\/a><\/div>\n<\/div>\n","protected":false},"excerpt":{"rendered":"<p>En CENTRO DE ESTUDIOS L\u00c1ZARO queremos ayuda a nuestr@s alumn@s a superar cualquier reto acad\u00e9mico al que se enfrenten. En CENTRO DE ESTUDIOS L\u00c1ZARO acompa\u00f1amos a nuestr@s alumn@s desde infantil hasta el nivel acad\u00e9mico que quieran alcanzar, porque son ellos los que deciden sus l\u00edmites. Nuestra oferta de clases de refuerzo incluye: Educaci\u00f3n infantil: aprender [&hellip;]<\/p>\n","protected":false},"author":1,"featured_media":0,"parent":0,"menu_order":0,"comment_status":"closed","ping_status":"closed","template":"template-parts\/template-page-full-width.php","meta":{"om_disable_all_campaigns":false,"_monsterinsights_skip_tracking":false,"_monsterinsights_sitenote_active":false,"_monsterinsights_sitenote_note":"","_monsterinsights_sitenote_category":0,"spay_email":"","footnotes":""},"class_list":["post-57","page","type-page","status-publish","hentry"],"_links":{"self":[{"href":"https:\/\/centroestudioslazaro.com\/index.php\/wp-json\/wp\/v2\/pages\/57","targetHints":{"allow":["GET"]}}],"collection":[{"href":"https:\/\/centroestudioslazaro.com\/index.php\/wp-json\/wp\/v2\/pages"}],"about":[{"href":"https:\/\/centroestudioslazaro.com\/index.php\/wp-json\/wp\/v2\/types\/page"}],"author":[{"embeddable":true,"href":"https:\/\/centroestudioslazaro.com\/index.php\/wp-json\/wp\/v2\/users\/1"}],"replies":[{"embeddable":true,"href":"https:\/\/centroestudioslazaro.com\/index.php\/wp-json\/wp\/v2\/comments?post=57"}],"version-history":[{"count":5,"href":"https:\/\/centroestudioslazaro.com\/index.php\/wp-json\/wp\/v2\/pages\/57\/revisions"}],"predecessor-version":[{"id":196,"href":"https:\/\/centroestudioslazaro.com\/index.php\/wp-json\/wp\/v2\/pages\/57\/revisions\/196"}],"wp:attachment":[{"href":"https:\/\/centroestudioslazaro.com\/index.php\/wp-json\/wp\/v2\/media?parent=57"}],"curies":[{"name":"wp","href":"https:\/\/api.w.org\/{rel}","templated":true}]}}